{"id":439,"date":"2015-04-08T08:43:42","date_gmt":"2015-04-08T08:43:42","guid":{"rendered":"http:\/\/egervolgyetabor.hu\/?page_id=439"},"modified":"2023-07-12T15:25:04","modified_gmt":"2023-07-12T15:25:04","slug":"muzeumok","status":"publish","type":"page","link":"http:\/\/egervolgyetabor.hu\/?page_id=439","title":{"rendered":"M\u00fazeumok"},"content":{"rendered":"<table>\n<tbody>\n<tr>\n<td><a title=\"K\u00e9kfest\u0151h\u00e1z M\u00fazeum\" href=\"http:\/\/egervolgyetabor.hu\/?page_id=432\"><img decoding=\"async\" id=\"img2\" src=\"programok\/muzeumok\/kekfesto.png\" alt=\"\" \/><\/a><\/td>\n<td><\/td>\n<td><a title=\"Amerik\u00e1s H\u00e1z\" href=\"http:\/\/egervolgyetabor.hu\/?page_id=435\"><img decoding=\"async\" id=\"img2\" src=\"programok\/muzeumok\/amerikas.png\" alt=\"\" \/><\/a><\/td>\n<\/tr>\n<tr>\n<td colspan=\"2\"><\/td>\n<td colspan=\"2\"><\/td>\n<\/tr>\n<\/tbody>\n<\/table>\n","protected":false},"excerpt":{"rendered":"","protected":false},"author":1,"featured_media":0,"parent":0,"menu_order":0,"comment_status":"closed","ping_status":"closed","template":"","meta":[],"_links":{"self":[{"href":"http:\/\/egervolgyetabor.hu\/index.php?rest_route=\/wp\/v2\/pages\/439"}],"collection":[{"href":"http:\/\/egervolgyetabor.hu\/index.php?rest_route=\/wp\/v2\/pages"}],"about":[{"href":"http:\/\/egervolgyetabor.hu\/index.php?rest_route=\/wp\/v2\/types\/page"}],"author":[{"embeddable":true,"href":"http:\/\/egervolgyetabor.hu\/index.php?rest_route=\/wp\/v2\/users\/1"}],"replies":[{"embeddable":true,"href":"http:\/\/egervolgyetabor.hu\/index.php?rest_route=%2Fwp%2Fv2%2Fcomments&post=439"}],"version-history":[{"count":2,"href":"http:\/\/egervolgyetabor.hu\/index.php?rest_route=\/wp\/v2\/pages\/439\/revisions"}],"predecessor-version":[{"id":441,"href":"http:\/\/egervolgyetabor.hu\/index.php?rest_route=\/wp\/v2\/pages\/439\/revisions\/441"}],"wp:attachment":[{"href":"http:\/\/egervolgyetabor.hu\/index.php?rest_route=%2Fwp%2Fv2%2Fmedia&parent=439"}],"curies":[{"name":"wp","href":"https:\/\/api.w.org\/{rel}","templated":true}]}}